{"id":706,"date":"2015-02-25T15:11:21","date_gmt":"2015-02-25T13:11:21","guid":{"rendered":"http:\/\/heidenreich-metallbau-gmbh.info\/firma\/?page_id=706"},"modified":"2026-02-10T19:41:04","modified_gmt":"2026-02-10T17:41:04","slug":"zertifikate","status":"publish","type":"page","link":"https:\/\/heidenreich-metallbau-gmbh.info\/?page_id=706","title":{"rendered":"Zertifikate"},"content":{"rendered":"<div id=\"pl-706\"  class=\"panel-layout\" ><div id=\"pg-706-0\"  class=\"panel-grid panel-no-style\" ><div id=\"pgc-706-0-0\"  class=\"panel-grid-cell\" ><div id=\"panel-706-0-0-0\" class=\"so-panel widget widget_black-studio-tinymce widget_black_studio_tinymce panel-first-child panel-last-child\" data-index=\"0\" ><h3 class=\"widget-title\">Produktionskontrolle Zertifikat<\/h3><div class=\"textwidget\"><p style=\"text-align: center;\"><a href=\"https:\/\/heidenreich-metallbau-gmbh.info\/wp-content\/uploads\/2024\/01\/Produktionskontrolle-2024.png\" data-rel=\"lightbox-image-0\" data-rl_title=\"\" data-rl_caption=\"\" title=\"\"><img loading=\"lazy\" decoding=\"async\" class=\"aligncenter size-full wp-image-996\" src=\"https:\/\/heidenreich-metallbau-gmbh.info\/wp-content\/uploads\/2024\/01\/Produktionskontrolle-2024.png\" alt=\"\" width=\"1796\" height=\"2384\" srcset=\"https:\/\/heidenreich-metallbau-gmbh.info\/wp-content\/uploads\/2024\/01\/Produktionskontrolle-2024.png 1796w, https:\/\/heidenreich-metallbau-gmbh.info\/wp-content\/uploads\/2024\/01\/Produktionskontrolle-2024-226x300.png 226w, https:\/\/heidenreich-metallbau-gmbh.info\/wp-content\/uploads\/2024\/01\/Produktionskontrolle-2024-771x1024.png 771w, https:\/\/heidenreich-metallbau-gmbh.info\/wp-content\/uploads\/2024\/01\/Produktionskontrolle-2024-768x1019.png 768w, https:\/\/heidenreich-metallbau-gmbh.info\/wp-content\/uploads\/2024\/01\/Produktionskontrolle-2024-1157x1536.png 1157w, https:\/\/heidenreich-metallbau-gmbh.info\/wp-content\/uploads\/2024\/01\/Produktionskontrolle-2024-1543x2048.png 1543w\" sizes=\"auto, (max-width: 1796px) 100vw, 1796px\" \/><\/a><\/p>\n<\/div><\/div><\/div><div id=\"pgc-706-0-1\"  class=\"panel-grid-cell\" ><div id=\"panel-706-0-1-0\" class=\"so-panel widget widget_black-studio-tinymce widget_black_studio_tinymce panel-first-child panel-last-child\" data-index=\"1\" ><h3 class=\"widget-title\">Zertifikat ISO 9001<\/h3><div class=\"textwidget\"><p style=\"text-align: center;\"><a href=\"https:\/\/heidenreich-metallbau-gmbh.info\/wp-content\/uploads\/2026\/02\/Zertifikat-2026.png\" data-rel=\"lightbox-image-1\" data-rl_title=\"\" data-rl_caption=\"\" title=\"\"><img loading=\"lazy\" decoding=\"async\" class=\"aligncenter size-full wp-image-1033\" src=\"https:\/\/heidenreich-metallbau-gmbh.info\/wp-content\/uploads\/2026\/02\/Zertifikat-2026.png\" alt=\"\" width=\"1572\" height=\"2192\" srcset=\"https:\/\/heidenreich-metallbau-gmbh.info\/wp-content\/uploads\/2026\/02\/Zertifikat-2026.png 1572w, https:\/\/heidenreich-metallbau-gmbh.info\/wp-content\/uploads\/2026\/02\/Zertifikat-2026-215x300.png 215w, https:\/\/heidenreich-metallbau-gmbh.info\/wp-content\/uploads\/2026\/02\/Zertifikat-2026-734x1024.png 734w, https:\/\/heidenreich-metallbau-gmbh.info\/wp-content\/uploads\/2026\/02\/Zertifikat-2026-768x1071.png 768w, https:\/\/heidenreich-metallbau-gmbh.info\/wp-content\/uploads\/2026\/02\/Zertifikat-2026-1102x1536.png 1102w, https:\/\/heidenreich-metallbau-gmbh.info\/wp-content\/uploads\/2026\/02\/Zertifikat-2026-1469x2048.png 1469w\" sizes=\"auto, (max-width: 1572px) 100vw, 1572px\" \/><\/a><\/p>\n<\/div><\/div><\/div><\/div><div id=\"pg-706-1\"  class=\"panel-grid panel-no-style\" ><div id=\"pgc-706-1-0\"  class=\"panel-grid-cell\" ><div id=\"panel-706-1-0-0\" class=\"so-panel widget widget_black-studio-tinymce widget_black_studio_tinymce panel-first-child panel-last-child\" data-index=\"2\" ><h3 class=\"widget-title\">WHG Teilnahmebescheinigung<\/h3><div class=\"textwidget\"><p style=\"text-align: center;\"><img loading=\"lazy\" decoding=\"async\" class=\"aligncenter wp-image-707 size-large\" src=\"http:\/\/heidenreich-metallbau-gmbh.info\/wp-content\/uploads\/2015\/02\/Frank-Heidenreich-WHG-692x1024.png\" alt=\"Frank Heidenreich WHG\" width=\"692\" height=\"1024\" srcset=\"https:\/\/heidenreich-metallbau-gmbh.info\/wp-content\/uploads\/2015\/02\/Frank-Heidenreich-WHG-692x1024.png 692w, https:\/\/heidenreich-metallbau-gmbh.info\/wp-content\/uploads\/2015\/02\/Frank-Heidenreich-WHG-203x300.png 203w, https:\/\/heidenreich-metallbau-gmbh.info\/wp-content\/uploads\/2015\/02\/Frank-Heidenreich-WHG.png 791w\" sizes=\"auto, (max-width: 692px) 100vw, 692px\" \/><\/p>\n<\/div><\/div><\/div><div id=\"pgc-706-1-1\"  class=\"panel-grid-cell\" ><div id=\"panel-706-1-1-0\" class=\"so-panel widget widget_black-studio-tinymce widget_black_studio_tinymce panel-first-child panel-last-child\" data-index=\"3\" ><h3 class=\"widget-title\">Fachkraft f\u00fcr Feststellanlagen<\/h3><div class=\"textwidget\"><p style=\"text-align: center;\"><a href=\"http:\/\/heidenreich-metallbau-gmbh.info\/wp-content\/uploads\/2015\/02\/Patrick-Heidenreich-Feststellanlagen.png\" data-rel=\"lightbox-image-2\" data-rl_title=\"\" data-rl_caption=\"\" title=\"\"><img loading=\"lazy\" decoding=\"async\" class=\"aligncenter wp-image-710 size-large\" src=\"http:\/\/heidenreich-metallbau-gmbh.info\/wp-content\/uploads\/2015\/02\/Patrick-Heidenreich-Feststellanlagen-705x1024.png\" alt=\"Patrick Heidenreich Feststellanlagen\" width=\"705\" height=\"1024\" srcset=\"https:\/\/heidenreich-metallbau-gmbh.info\/wp-content\/uploads\/2015\/02\/Patrick-Heidenreich-Feststellanlagen-705x1024.png 705w, https:\/\/heidenreich-metallbau-gmbh.info\/wp-content\/uploads\/2015\/02\/Patrick-Heidenreich-Feststellanlagen-206x300.png 206w, https:\/\/heidenreich-metallbau-gmbh.info\/wp-content\/uploads\/2015\/02\/Patrick-Heidenreich-Feststellanlagen.png 783w\" sizes=\"auto, (max-width: 705px) 100vw, 705px\" \/><\/a><\/p>\n<\/div><\/div><\/div><\/div><div id=\"pg-706-2\"  class=\"panel-grid panel-no-style\" ><div id=\"pgc-706-2-0\"  class=\"panel-grid-cell\" ><div id=\"panel-706-2-0-0\" class=\"so-panel widget widget_black-studio-tinymce widget_black_studio_tinymce panel-first-child panel-last-child\" data-index=\"4\" ><h3 class=\"widget-title\">Pr\u00fcfung von Steigleitern und Steigeiseng\u00e4ngen<\/h3><div class=\"textwidget\"><p style=\"text-align: center;\"><img loading=\"lazy\" decoding=\"async\" class=\"aligncenter wp-image-773 size-full\" src=\"http:\/\/heidenreich-metallbau-gmbh.info\/wp-content\/uploads\/2015\/02\/Steigleitern-20161.png\" alt=\"\" width=\"859\" height=\"1229\" srcset=\"https:\/\/heidenreich-metallbau-gmbh.info\/wp-content\/uploads\/2015\/02\/Steigleitern-20161.png 859w, https:\/\/heidenreich-metallbau-gmbh.info\/wp-content\/uploads\/2015\/02\/Steigleitern-20161-210x300.png 210w, https:\/\/heidenreich-metallbau-gmbh.info\/wp-content\/uploads\/2015\/02\/Steigleitern-20161-716x1024.png 716w\" sizes=\"auto, (max-width: 859px) 100vw, 859px\" \/><\/p>\n<\/div><\/div><\/div><div id=\"pgc-706-2-1\"  class=\"panel-grid-cell\" ><div id=\"panel-706-2-1-0\" class=\"so-panel widget widget_black-studio-tinymce widget_black_studio_tinymce panel-first-child panel-last-child\" data-index=\"5\" ><h3 class=\"widget-title\">Schulung<\/h3><div class=\"textwidget\"><p style=\"text-align: center;\"><img decoding=\"async\" class=\"aligncenter size-full wp-image-939\" src=\"https:\/\/heidenreich-metallbau-gmbh.info\/wp-content\/uploads\/2021\/11\/Bildschirmfoto-2021-11-20-um-22.32.23.png\" alt=\"\" width=\"692\" height=\"auto\" srcset=\"https:\/\/heidenreich-metallbau-gmbh.info\/wp-content\/uploads\/2021\/11\/Bildschirmfoto-2021-11-20-um-22.32.23.png 1784w, https:\/\/heidenreich-metallbau-gmbh.info\/wp-content\/uploads\/2021\/11\/Bildschirmfoto-2021-11-20-um-22.32.23-218x300.png 218w, https:\/\/heidenreich-metallbau-gmbh.info\/wp-content\/uploads\/2021\/11\/Bildschirmfoto-2021-11-20-um-22.32.23-746x1024.png 746w, https:\/\/heidenreich-metallbau-gmbh.info\/wp-content\/uploads\/2021\/11\/Bildschirmfoto-2021-11-20-um-22.32.23-768x1055.png 768w, https:\/\/heidenreich-metallbau-gmbh.info\/wp-content\/uploads\/2021\/11\/Bildschirmfoto-2021-11-20-um-22.32.23-1118x1536.png 1118w, https:\/\/heidenreich-metallbau-gmbh.info\/wp-content\/uploads\/2021\/11\/Bildschirmfoto-2021-11-20-um-22.32.23-1491x2048.png 1491w\" sizes=\"(max-width: 1784px) 100vw, 1784px\" \/><\/p>\n<\/div><\/div><\/div><\/div><div id=\"pg-706-3\"  class=\"panel-grid panel-no-style\" ><div id=\"pgc-706-3-0\"  class=\"panel-grid-cell\" ><div id=\"panel-706-3-0-0\" class=\"so-panel widget widget_black-studio-tinymce widget_black_studio_tinymce panel-first-child panel-last-child\" data-index=\"6\" ><h3 class=\"widget-title\">ZARGES Sachkundigen-Seminar<\/h3><div class=\"textwidget\"><p style=\"text-align: center;\"><img loading=\"lazy\" decoding=\"async\" class=\"aligncenter wp-image-707 size-large\" src=\"https:\/\/heidenreich-metallbau-gmbh.info\/wp-content\/uploads\/2021\/02\/Zarges-Zertifikat-Patrick-Heidenreich.png\" alt=\"Patrick Heidenreich\" width=\"692\" height=\"1024\" \/><\/p>\n<\/div><\/div><\/div><div id=\"pgc-706-3-1\"  class=\"panel-grid-cell\" ><div id=\"panel-706-3-1-0\" class=\"so-panel widget widget_black-studio-tinymce widget_black_studio_tinymce panel-first-child panel-last-child\" data-index=\"7\" ><div class=\"textwidget\"><\/div><\/div><\/div><\/div><div id=\"pg-706-4\"  class=\"panel-grid panel-no-style\" ><div id=\"pgc-706-4-0\"  class=\"panel-grid-cell\" ><div id=\"panel-706-4-0-0\" class=\"so-panel widget widget_black-studio-tinymce widget_black_studio_tinymce panel-first-child panel-last-child\" data-index=\"8\" ><div class=\"textwidget\"><\/div><\/div><\/div><div id=\"pgc-706-4-1\"  class=\"panel-grid-cell\" ><div id=\"panel-706-4-1-0\" class=\"so-panel widget widget_black-studio-tinymce widget_black_studio_tinymce panel-first-child panel-last-child\" data-index=\"9\" ><div class=\"textwidget\"><\/div><\/div><\/div><\/div><\/div>","protected":false},"excerpt":{"rendered":"<p>Produktionskontrolle Zertifikat Zertifikat ISO 9001 WHG Teilnahmebescheinigung Fachkraft f\u00fcr Feststellanlagen Pr\u00fcfung von Steigleitern und Steigeiseng\u00e4ngen Schulung ZARGES Sachkundigen-Seminar<\/p>\n","protected":false},"author":1,"featured_media":0,"parent":0,"menu_order":0,"comment_status":"closed","ping_status":"closed","template":"templates\/template-full.php","meta":{"_themeisle_gutenberg_block_has_review":false,"footnotes":""},"class_list":["post-706","page","type-page","status-publish","hentry","post"],"_links":{"self":[{"href":"https:\/\/heidenreich-metallbau-gmbh.info\/index.php?rest_route=\/wp\/v2\/pages\/706","targetHints":{"allow":["GET"]}}],"collection":[{"href":"https:\/\/heidenreich-metallbau-gmbh.info\/index.php?rest_route=\/wp\/v2\/pages"}],"about":[{"href":"https:\/\/heidenreich-metallbau-gmbh.info\/index.php?rest_route=\/wp\/v2\/types\/page"}],"author":[{"embeddable":true,"href":"https:\/\/heidenreich-metallbau-gmbh.info\/index.php?rest_route=\/wp\/v2\/users\/1"}],"replies":[{"embeddable":true,"href":"https:\/\/heidenreich-metallbau-gmbh.info\/index.php?rest_route=%2Fwp%2Fv2%2Fcomments&post=706"}],"version-history":[{"count":31,"href":"https:\/\/heidenreich-metallbau-gmbh.info\/index.php?rest_route=\/wp\/v2\/pages\/706\/revisions"}],"predecessor-version":[{"id":1038,"href":"https:\/\/heidenreich-metallbau-gmbh.info\/index.php?rest_route=\/wp\/v2\/pages\/706\/revisions\/1038"}],"wp:attachment":[{"href":"https:\/\/heidenreich-metallbau-gmbh.info\/index.php?rest_route=%2Fwp%2Fv2%2Fmedia&parent=706"}],"curies":[{"name":"wp","href":"https:\/\/api.w.org\/{rel}","templated":true}]}}