{"id":70,"date":"2014-04-06T00:38:58","date_gmt":"2014-04-05T22:38:58","guid":{"rendered":"http:\/\/heidenreich-metallbau-gmbh.info\/firma\/?page_id=70"},"modified":"2015-01-24T23:48:58","modified_gmt":"2015-01-24T21:48:58","slug":"produkte","status":"publish","type":"page","link":"https:\/\/heidenreich-metallbau-gmbh.info\/?page_id=70","title":{"rendered":"Produkte"},"content":{"rendered":"<div id=\"pl-70\"  class=\"panel-layout\" ><div id=\"pg-70-0\"  class=\"panel-grid panel-has-style\" ><div class=\"wide-grey panel-row-style panel-row-style-for-70-0\" style=\"border-top: 1px solid #48515c; border-bottom: 1px solid #48515c; \" ><div id=\"pgc-70-0-0\"  class=\"panel-grid-cell\" ><div id=\"panel-70-0-0-0\" class=\"so-panel widget widget_black-studio-tinymce widget_black_studio_tinymce panel-first-child panel-last-child\" data-index=\"0\" ><div class=\"textwidget\"><p style=\"text-align: center;\"><span style=\"font-size: 14pt;\">In den nachfolgenden Kategorien k\u00f6nnen Sie einen kleinen Auszug bisherig hergestellter Produkte betrachten.<\/span><\/p>\n<p style=\"text-align: center;\"><span style=\"font-size: medium;\"><span style=\"font-size: 14pt;\"> Unterst\u00fctzt durch modernste Technik in der Arbeitsvorbereitung und Fertigung ist es uns jederzeit m\u00f6glich auf individuellste W\u00fcnsche und Aufgabenstellungen unserer Kunden einzugehen.<\/span> <\/span><\/p>\n<\/div><\/div><\/div><\/div><\/div><div id=\"pg-70-1\"  class=\"panel-grid panel-no-style\" ><div id=\"pgc-70-1-0\"  class=\"panel-grid-cell\" ><div id=\"panel-70-1-0-0\" class=\"so-panel widget widget_black-studio-tinymce widget_black_studio_tinymce panel-first-child panel-last-child\" data-index=\"1\" ><div class=\"textwidget\"><p><div class=\"pt-cv-wrapper\"><div class=\"pt-cv-view pt-cv-grid pt-cv-colsys\" id=\"pt-cv-view-5d9f6424f9\"><div data-id=\"pt-cv-page-1\" class=\"pt-cv-page\" data-cvc=\"2\"><div class=\"col-md-6 col-sm-6 col-xs-12 pt-cv-content-item pt-cv-1-col\" ><div class='pt-cv-ifield'><a href=\"https:\/\/heidenreich-metallbau-gmbh.info\/?p=444\" class=\"_self pt-cv-href-thumbnail pt-cv-thumb-default\" target=\"_self\" ><img loading=\"lazy\" decoding=\"async\" width=\"600\" height=\"337\" src=\"https:\/\/heidenreich-metallbau-gmbh.info\/wp-content\/uploads\/2014\/04\/beitrag-fr\u00e4stechnik.jpg\" class=\"pt-cv-thumbnail\" alt=\"\" srcset=\"https:\/\/heidenreich-metallbau-gmbh.info\/wp-content\/uploads\/2014\/04\/beitrag-fr\u00e4stechnik.jpg 600w, https:\/\/heidenreich-metallbau-gmbh.info\/wp-content\/uploads\/2014\/04\/beitrag-fr\u00e4stechnik-300x169.jpg 300w\" sizes=\"auto, (max-width: 600px) 100vw, 600px\" \/><\/a>\n<h4 class=\"pt-cv-title\"><a href=\"https:\/\/heidenreich-metallbau-gmbh.info\/?p=444\" class=\"_self\" target=\"_self\" >Fr\u00e4stechnik<\/a><\/h4><\/div><\/div>\n<div class=\"col-md-6 col-sm-6 col-xs-12 pt-cv-content-item pt-cv-1-col\" ><div class='pt-cv-ifield'><a href=\"https:\/\/heidenreich-metallbau-gmbh.info\/?p=458\" class=\"_self pt-cv-href-thumbnail pt-cv-thumb-default\" target=\"_self\" ><img loading=\"lazy\" decoding=\"async\" width=\"600\" height=\"337\" src=\"https:\/\/heidenreich-metallbau-gmbh.info\/wp-content\/uploads\/2014\/04\/beitrag-innengel\u00e4nder.jpg\" class=\"pt-cv-thumbnail\" alt=\"\" srcset=\"https:\/\/heidenreich-metallbau-gmbh.info\/wp-content\/uploads\/2014\/04\/beitrag-innengel\u00e4nder.jpg 600w, https:\/\/heidenreich-metallbau-gmbh.info\/wp-content\/uploads\/2014\/04\/beitrag-innengel\u00e4nder-300x169.jpg 300w\" sizes=\"auto, (max-width: 600px) 100vw, 600px\" \/><\/a>\n<h4 class=\"pt-cv-title\"><a href=\"https:\/\/heidenreich-metallbau-gmbh.info\/?p=458\" class=\"_self\" target=\"_self\" >Innengel\u00e4nder<\/a><\/h4><\/div><\/div>\n<div class=\"col-md-6 col-sm-6 col-xs-12 pt-cv-content-item pt-cv-1-col\" ><div class='pt-cv-ifield'><a href=\"https:\/\/heidenreich-metallbau-gmbh.info\/?p=454\" class=\"_self pt-cv-href-thumbnail pt-cv-thumb-default\" target=\"_self\" ><img loading=\"lazy\" decoding=\"async\" width=\"912\" height=\"512\" src=\"https:\/\/heidenreich-metallbau-gmbh.info\/wp-content\/uploads\/2014\/04\/CIMG0090.jpg\" class=\"pt-cv-thumbnail\" alt=\"\" srcset=\"https:\/\/heidenreich-metallbau-gmbh.info\/wp-content\/uploads\/2014\/04\/CIMG0090.jpg 912w, https:\/\/heidenreich-metallbau-gmbh.info\/wp-content\/uploads\/2014\/04\/CIMG0090-300x168.jpg 300w\" sizes=\"auto, (max-width: 912px) 100vw, 912px\" \/><\/a>\n<h4 class=\"pt-cv-title\"><a href=\"https:\/\/heidenreich-metallbau-gmbh.info\/?p=454\" class=\"_self\" target=\"_self\" >Au\u00dfengel\u00e4nder<\/a><\/h4><\/div><\/div>\n<div class=\"col-md-6 col-sm-6 col-xs-12 pt-cv-content-item pt-cv-1-col\" ><div class='pt-cv-ifield'><a href=\"https:\/\/heidenreich-metallbau-gmbh.info\/?p=452\" class=\"_self pt-cv-href-thumbnail pt-cv-thumb-default\" target=\"_self\" ><img loading=\"lazy\" decoding=\"async\" width=\"600\" height=\"337\" src=\"https:\/\/heidenreich-metallbau-gmbh.info\/wp-content\/uploads\/2014\/04\/beitrag-treppenanlagen.jpg\" class=\"pt-cv-thumbnail\" alt=\"\" srcset=\"https:\/\/heidenreich-metallbau-gmbh.info\/wp-content\/uploads\/2014\/04\/beitrag-treppenanlagen.jpg 600w, https:\/\/heidenreich-metallbau-gmbh.info\/wp-content\/uploads\/2014\/04\/beitrag-treppenanlagen-300x169.jpg 300w\" sizes=\"auto, (max-width: 600px) 100vw, 600px\" \/><\/a>\n<h4 class=\"pt-cv-title\"><a href=\"https:\/\/heidenreich-metallbau-gmbh.info\/?p=452\" class=\"_self\" target=\"_self\" >Treppenanlagen<\/a><\/h4><\/div><\/div>\n<div class=\"col-md-6 col-sm-6 col-xs-12 pt-cv-content-item pt-cv-1-col\" ><div class='pt-cv-ifield'><a href=\"https:\/\/heidenreich-metallbau-gmbh.info\/?p=450\" class=\"_self pt-cv-href-thumbnail pt-cv-thumb-default\" target=\"_self\" ><img loading=\"lazy\" decoding=\"async\" width=\"600\" height=\"337\" src=\"https:\/\/heidenreich-metallbau-gmbh.info\/wp-content\/uploads\/2014\/04\/beitrag-rechen.jpg\" class=\"pt-cv-thumbnail\" alt=\"\" srcset=\"https:\/\/heidenreich-metallbau-gmbh.info\/wp-content\/uploads\/2014\/04\/beitrag-rechen.jpg 600w, https:\/\/heidenreich-metallbau-gmbh.info\/wp-content\/uploads\/2014\/04\/beitrag-rechen-300x169.jpg 300w\" sizes=\"auto, (max-width: 600px) 100vw, 600px\" \/><\/a>\n<h4 class=\"pt-cv-title\"><a href=\"https:\/\/heidenreich-metallbau-gmbh.info\/?p=450\" class=\"_self\" target=\"_self\" >Rechen an Gew\u00e4ssern<\/a><\/h4><\/div><\/div>\n<div class=\"col-md-6 col-sm-6 col-xs-12 pt-cv-content-item pt-cv-1-col\" ><div class='pt-cv-ifield'><a href=\"https:\/\/heidenreich-metallbau-gmbh.info\/?p=448\" class=\"_self pt-cv-href-thumbnail pt-cv-thumb-default\" target=\"_self\" ><img loading=\"lazy\" decoding=\"async\" width=\"600\" height=\"337\" src=\"https:\/\/heidenreich-metallbau-gmbh.info\/wp-content\/uploads\/2014\/04\/beitrag-zaun-tor.jpg\" class=\"pt-cv-thumbnail\" alt=\"\" srcset=\"https:\/\/heidenreich-metallbau-gmbh.info\/wp-content\/uploads\/2014\/04\/beitrag-zaun-tor.jpg 600w, https:\/\/heidenreich-metallbau-gmbh.info\/wp-content\/uploads\/2014\/04\/beitrag-zaun-tor-300x169.jpg 300w\" sizes=\"auto, (max-width: 600px) 100vw, 600px\" \/><\/a>\n<h4 class=\"pt-cv-title\"><a href=\"https:\/\/heidenreich-metallbau-gmbh.info\/?p=448\" class=\"_self\" target=\"_self\" >Zaun- u. Toranlagen<\/a><\/h4><\/div><\/div>\n<div class=\"col-md-6 col-sm-6 col-xs-12 pt-cv-content-item pt-cv-1-col\" ><div class='pt-cv-ifield'><a href=\"https:\/\/heidenreich-metallbau-gmbh.info\/?p=446\" class=\"_self pt-cv-href-thumbnail pt-cv-thumb-default\" target=\"_self\" ><img loading=\"lazy\" decoding=\"async\" width=\"600\" height=\"337\" src=\"https:\/\/heidenreich-metallbau-gmbh.info\/wp-content\/uploads\/2014\/04\/beitrag-einhausungen.jpg\" class=\"pt-cv-thumbnail\" alt=\"\" srcset=\"https:\/\/heidenreich-metallbau-gmbh.info\/wp-content\/uploads\/2014\/04\/beitrag-einhausungen.jpg 600w, https:\/\/heidenreich-metallbau-gmbh.info\/wp-content\/uploads\/2014\/04\/beitrag-einhausungen-300x169.jpg 300w\" sizes=\"auto, (max-width: 600px) 100vw, 600px\" \/><\/a>\n<h4 class=\"pt-cv-title\"><a href=\"https:\/\/heidenreich-metallbau-gmbh.info\/?p=446\" class=\"_self\" target=\"_self\" >Schutzeinhausungen<\/a><\/h4><\/div><\/div>\n<div class=\"col-md-6 col-sm-6 col-xs-12 pt-cv-content-item pt-cv-1-col\" ><div class='pt-cv-ifield'><a href=\"https:\/\/heidenreich-metallbau-gmbh.info\/?p=441\" class=\"_self pt-cv-href-thumbnail pt-cv-thumb-default\" target=\"_self\" ><img loading=\"lazy\" decoding=\"async\" width=\"600\" height=\"337\" src=\"https:\/\/heidenreich-metallbau-gmbh.info\/wp-content\/uploads\/2014\/04\/sonstiges.jpg\" class=\"pt-cv-thumbnail\" alt=\"\" srcset=\"https:\/\/heidenreich-metallbau-gmbh.info\/wp-content\/uploads\/2014\/04\/sonstiges.jpg 600w, https:\/\/heidenreich-metallbau-gmbh.info\/wp-content\/uploads\/2014\/04\/sonstiges-300x169.jpg 300w\" sizes=\"auto, (max-width: 600px) 100vw, 600px\" \/><\/a>\n<h4 class=\"pt-cv-title\"><a href=\"https:\/\/heidenreich-metallbau-gmbh.info\/?p=441\" class=\"_self\" target=\"_self\" >Diverse Konstruktionen<\/a><\/h4><\/div><\/div><\/div><\/div><\/div><\/p>\n<\/div><\/div><\/div><\/div><\/div>","protected":false},"excerpt":{"rendered":"<p>In den nachfolgenden Kategorien k\u00f6nnen Sie einen kleinen Auszug bisherig hergestellter Produkte betrachten. Unterst\u00fctzt durch modernste Technik in der Arbeitsvorbereitung und Fertigung ist es uns jederzeit m\u00f6glich auf individuellste W\u00fcnsche und Aufgabenstellungen unserer Kunden einzugehen.<\/p>\n","protected":false},"author":1,"featured_media":0,"parent":0,"menu_order":0,"comment_status":"closed","ping_status":"closed","template":"templates\/template-full-notitle.php","meta":{"_themeisle_gutenberg_block_has_review":false,"footnotes":""},"class_list":["post-70","page","type-page","status-publish","hentry","post"],"_links":{"self":[{"href":"https:\/\/heidenreich-metallbau-gmbh.info\/index.php?rest_route=\/wp\/v2\/pages\/70","targetHints":{"allow":["GET"]}}],"collection":[{"href":"https:\/\/heidenreich-metallbau-gmbh.info\/index.php?rest_route=\/wp\/v2\/pages"}],"about":[{"href":"https:\/\/heidenreich-metallbau-gmbh.info\/index.php?rest_route=\/wp\/v2\/types\/page"}],"author":[{"embeddable":true,"href":"https:\/\/heidenreich-metallbau-gmbh.info\/index.php?rest_route=\/wp\/v2\/users\/1"}],"replies":[{"embeddable":true,"href":"https:\/\/heidenreich-metallbau-gmbh.info\/index.php?rest_route=%2Fwp%2Fv2%2Fcomments&post=70"}],"version-history":[{"count":16,"href":"https:\/\/heidenreich-metallbau-gmbh.info\/index.php?rest_route=\/wp\/v2\/pages\/70\/revisions"}],"predecessor-version":[{"id":635,"href":"https:\/\/heidenreich-metallbau-gmbh.info\/index.php?rest_route=\/wp\/v2\/pages\/70\/revisions\/635"}],"wp:attachment":[{"href":"https:\/\/heidenreich-metallbau-gmbh.info\/index.php?rest_route=%2Fwp%2Fv2%2Fmedia&parent=70"}],"curies":[{"name":"wp","href":"https:\/\/api.w.org\/{rel}","templated":true}]}}