{"id":58,"date":"2014-04-06T00:25:04","date_gmt":"2014-04-05T22:25:04","guid":{"rendered":"http:\/\/heidenreich-metallbau-gmbh.info\/firma\/?page_id=58"},"modified":"2025-07-26T15:12:21","modified_gmt":"2025-07-26T13:12:21","slug":"maschinenpark","status":"publish","type":"page","link":"https:\/\/heidenreich-metallbau-gmbh.info\/?page_id=58","title":{"rendered":"Maschinenpark"},"content":{"rendered":"<div id=\"pl-58\"  class=\"panel-layout\" ><div id=\"pg-58-0\"  class=\"panel-grid panel-has-style\" ><div style=\"border-top: 1px solid #48515c; border-bottom: 1px solid #48515c; \" class=\"panel-row-style panel-row-style-for-58-0\" ><div id=\"pgc-58-0-0\"  class=\"panel-grid-cell\" ><div id=\"panel-58-0-0-0\" class=\"so-panel widget widget_black-studio-tinymce widget_black_studio_tinymce panel-first-child panel-last-child\" data-index=\"0\" ><div class=\"textwidget\"><p style=\"text-align: center;\"><span style=\"font-size: 14pt;\">Hier m\u00f6chten wir Ihnen einen kleinen \u00dcberblick \u00fcber unseren Maschinenpark verschaffen.<\/span><\/p>\n<p style=\"text-align: center;\"><span style=\"font-size: 14pt;\"> Nat\u00fcrlich verf\u00fcgen wir au\u00dferdem noch \u00fcber Schwei\u00df- und Drehmaschinen, Bandschleif- und Rohrbiegemaschinen, eine Metallbands\u00e4ge, eine Rundwalze etc. sowie weitere g\u00e4ngige Maschinen und Werkzeuge zur Metallbe- und verarbeitung.<\/span><\/p>\n<\/div><\/div><\/div><\/div><\/div><div id=\"pg-58-1\"  class=\"panel-grid panel-no-style\" ><div id=\"pgc-58-1-0\"  class=\"panel-grid-cell\" ><div id=\"panel-58-1-0-0\" class=\"so-panel widget widget_black-studio-tinymce widget_black_studio_tinymce panel-first-child panel-last-child\" data-index=\"1\" ><div class=\"textwidget\"><p><div id=\"attachment_762\" style=\"width: 1006px\" class=\"wp-caption aligncenter\"><a href=\"https:\/\/heidenreich-metallbau-gmbh.info\/wp-content\/uploads\/2021\/06\/Deckel-Maho-MH600W.jpg\" data-rel=\"lightbox-image-0\" data-rl_title=\"\" data-rl_caption=\"\" title=\"\"><img loading=\"lazy\" decoding=\"async\" aria-describedby=\"caption-attachment-762\" class=\"wp-image-762 size-full\" src=\"https:\/\/heidenreich-metallbau-gmbh.info\/wp-content\/uploads\/2021\/06\/Deckel-Maho-MH600W.jpg\" alt=\"\" width=\"996\" height=\"747\" \/><\/a><p id=\"caption-attachment-762\" class=\"wp-caption-text\">CNC-Fr\u00e4smaschine 'MAHO MH 600 W'<\/p><\/div><\/p>\n<\/div><\/div><\/div><div id=\"pgc-58-1-1\"  class=\"panel-grid-cell\" ><div id=\"panel-58-1-1-0\" class=\"so-panel widget widget_black-studio-tinymce widget_black_studio_tinymce panel-first-child panel-last-child\" data-index=\"2\" ><div class=\"textwidget\"><p><div id=\"attachment_762\" style=\"width: 1006px\" class=\"wp-caption aligncenter\"><a href=\"http:\/\/heidenreich-metallbau-gmbh.info\/wp-content\/uploads\/2014\/04\/maho1000-neu.jpg\" data-rel=\"lightbox-image-1\" data-rl_title=\"\" data-rl_caption=\"\" title=\"\"><img loading=\"lazy\" decoding=\"async\" aria-describedby=\"caption-attachment-762\" class=\"wp-image-762 size-full\" src=\"http:\/\/heidenreich-metallbau-gmbh.info\/wp-content\/uploads\/2014\/04\/maho1000-neu.jpg\" alt=\"\" width=\"996\" height=\"747\" srcset=\"https:\/\/heidenreich-metallbau-gmbh.info\/wp-content\/uploads\/2014\/04\/maho1000-neu.jpg 996w, https:\/\/heidenreich-metallbau-gmbh.info\/wp-content\/uploads\/2014\/04\/maho1000-neu-300x225.jpg 300w\" sizes=\"auto, (max-width: 996px) 100vw, 996px\" \/><\/a><p id=\"caption-attachment-762\" class=\"wp-caption-text\">CNC-Fr\u00e4smaschine 'MAHO MH 1000 C'<\/p><\/div><\/p>\n<p>\u00a0<\/p>\n<\/div><\/div><\/div><\/div><div id=\"pg-58-2\"  class=\"panel-grid panel-no-style\" ><div id=\"pgc-58-2-0\"  class=\"panel-grid-cell\" ><div id=\"panel-58-2-0-0\" class=\"so-panel widget widget_black-studio-tinymce widget_black_studio_tinymce panel-first-child panel-last-child\" data-index=\"3\" ><div class=\"textwidget\"><p><div id=\"attachment_762\" style=\"width: 1006px\" class=\"wp-caption aligncenter\"><a href=\"https:\/\/heidenreich-metallbau-gmbh.info\/wp-content\/uploads\/2021\/06\/Danobat-TCN11.jpg\" data-rel=\"lightbox-image-2\" data-rl_title=\"\" data-rl_caption=\"\" title=\"\"><img loading=\"lazy\" decoding=\"async\" aria-describedby=\"caption-attachment-762\" class=\"wp-image-762 size-full\" src=\"https:\/\/heidenreich-metallbau-gmbh.info\/wp-content\/uploads\/2021\/06\/Danobat-TCN11.jpg\" alt=\"\" width=\"996\" height=\"747\" \/><\/a><p id=\"caption-attachment-762\" class=\"wp-caption-text\">CNC-Drehmaschine 'Danobat TCN 11'<\/p><\/div><\/p>\n<\/div><\/div><\/div><div id=\"pgc-58-2-1\"  class=\"panel-grid-cell\" ><div id=\"panel-58-2-1-0\" class=\"so-panel widget widget_black-studio-tinymce widget_black_studio_tinymce panel-first-child panel-last-child\" data-index=\"4\" ><div class=\"textwidget\"><p><div id=\"attachment_63\" style=\"width: 510px\" class=\"wp-caption aligncenter\"><a href=\"http:\/\/heidenreich-metallbau-gmbh.info\/wp-content\/uploads\/2014\/04\/durma-schere.jpg\" data-rel=\"lightbox-image-3\" data-rl_title=\"\" data-rl_caption=\"\" title=\"\"><img loading=\"lazy\" decoding=\"async\" aria-describedby=\"caption-attachment-63\" class=\"size-full wp-image-63\" src=\"http:\/\/heidenreich-metallbau-gmbh.info\/wp-content\/uploads\/2014\/04\/durma-schere.jpg\" alt=\"Hydraulische Tafelschere 'DURMA'\" width=\"500\" height=\"375\" srcset=\"https:\/\/heidenreich-metallbau-gmbh.info\/wp-content\/uploads\/2014\/04\/durma-schere.jpg 500w, https:\/\/heidenreich-metallbau-gmbh.info\/wp-content\/uploads\/2014\/04\/durma-schere-300x225.jpg 300w\" sizes=\"auto, (max-width: 500px) 100vw, 500px\" \/><\/a><p id=\"caption-attachment-63\" class=\"wp-caption-text\">Hydraulische Tafelschere 'DURMA'<\/p><\/div><\/p>\n<\/div><\/div><\/div><\/div><div id=\"pg-58-3\"  class=\"panel-grid panel-no-style\" ><div id=\"pgc-58-3-0\"  class=\"panel-grid-cell\" ><div id=\"panel-58-3-0-0\" class=\"so-panel widget widget_black-studio-tinymce widget_black_studio_tinymce panel-first-child panel-last-child\" data-index=\"5\" ><div class=\"textwidget\"><p><div id=\"attachment_62\" style=\"width: 510px\" class=\"wp-caption aligncenter\"><a href=\"https:\/\/heidenreich-metallbau-gmbh.info\/wp-content\/uploads\/2021\/06\/Weinbrenner-DNC7000.jpg\" data-rel=\"lightbox-image-4\" data-rl_title=\"\" data-rl_caption=\"\" title=\"\"><img loading=\"lazy\" decoding=\"async\" aria-describedby=\"caption-attachment-62\" class=\"size-full wp-image-62\" src=\"https:\/\/heidenreich-metallbau-gmbh.info\/wp-content\/uploads\/2021\/06\/Weinbrenner-DNC7000.jpg\" alt=\"Abkantpresse 'HACO'\" width=\"500\" height=\"375\" \/><\/a><p id=\"caption-attachment-62\" class=\"wp-caption-text\">Abkantpresse 'Weinbrenner'<\/p><\/div><\/p>\n<\/div><\/div><\/div><\/div><\/div>","protected":false},"excerpt":{"rendered":"<p>Hier m\u00f6chten wir Ihnen einen kleinen \u00dcberblick \u00fcber unseren Maschinenpark verschaffen. Nat\u00fcrlich verf\u00fcgen wir au\u00dferdem noch \u00fcber Schwei\u00df- und Drehmaschinen, Bandschleif- und Rohrbiegemaschinen, eine Metallbands\u00e4ge, eine Rundwalze etc. sowie weitere g\u00e4ngige Maschinen und Werkzeuge zur Metallbe- und verarbeitung. \u00a0<\/p>\n","protected":false},"author":1,"featured_media":0,"parent":0,"menu_order":0,"comment_status":"closed","ping_status":"closed","template":"templates\/template-full-notitle.php","meta":{"_themeisle_gutenberg_block_has_review":false,"footnotes":""},"class_list":["post-58","page","type-page","status-publish","hentry","post"],"_links":{"self":[{"href":"https:\/\/heidenreich-metallbau-gmbh.info\/index.php?rest_route=\/wp\/v2\/pages\/58","targetHints":{"allow":["GET"]}}],"collection":[{"href":"https:\/\/heidenreich-metallbau-gmbh.info\/index.php?rest_route=\/wp\/v2\/pages"}],"about":[{"href":"https:\/\/heidenreich-metallbau-gmbh.info\/index.php?rest_route=\/wp\/v2\/types\/page"}],"author":[{"embeddable":true,"href":"https:\/\/heidenreich-metallbau-gmbh.info\/index.php?rest_route=\/wp\/v2\/users\/1"}],"replies":[{"embeddable":true,"href":"https:\/\/heidenreich-metallbau-gmbh.info\/index.php?rest_route=%2Fwp%2Fv2%2Fcomments&post=58"}],"version-history":[{"count":38,"href":"https:\/\/heidenreich-metallbau-gmbh.info\/index.php?rest_route=\/wp\/v2\/pages\/58\/revisions"}],"predecessor-version":[{"id":1028,"href":"https:\/\/heidenreich-metallbau-gmbh.info\/index.php?rest_route=\/wp\/v2\/pages\/58\/revisions\/1028"}],"wp:attachment":[{"href":"https:\/\/heidenreich-metallbau-gmbh.info\/index.php?rest_route=%2Fwp%2Fv2%2Fmedia&parent=58"}],"curies":[{"name":"wp","href":"https:\/\/api.w.org\/{rel}","templated":true}]}}