{"id":543,"date":"2015-01-24T02:29:52","date_gmt":"2015-01-24T00:29:52","guid":{"rendered":"http:\/\/heidenreich-metallbau-gmbh.info\/firma\/?page_id=543"},"modified":"2024-01-11T12:21:48","modified_gmt":"2024-01-11T10:21:48","slug":"leistungsspektrum","status":"publish","type":"page","link":"https:\/\/heidenreich-metallbau-gmbh.info\/?page_id=543","title":{"rendered":"Leistungsspektrum"},"content":{"rendered":"<div id=\"pl-543\"  class=\"panel-layout\" ><div id=\"pg-543-0\"  class=\"panel-grid panel-no-style\" ><div id=\"pgc-543-0-0\"  class=\"panel-grid-cell\" ><div id=\"panel-543-0-0-0\" class=\"so-panel widget widget_black-studio-tinymce widget_black_studio_tinymce panel-first-child panel-last-child\" data-index=\"0\" ><div class=\"textwidget\"><p style=\"text-align: center;\"><a href=\"https:\/\/heidenreich-metallbau-gmbh.info\/wp-content\/uploads\/2024\/01\/Schweisszertifikat-2024.png\" data-rel=\"lightbox-image-0\" data-rl_title=\"\" data-rl_caption=\"\" title=\"\"><img loading=\"lazy\" decoding=\"async\" class=\"aligncenter size-full wp-image-995\" src=\"https:\/\/heidenreich-metallbau-gmbh.info\/wp-content\/uploads\/2024\/01\/Schweisszertifikat-2024.png\" alt=\"\" width=\"1796\" height=\"2384\" \/><\/a><\/p><\/div><\/div><\/div><div id=\"pgc-543-0-1\"  class=\"panel-grid-cell\" ><div id=\"panel-543-0-1-0\" class=\"so-panel widget widget_black-studio-tinymce widget_black_studio_tinymce panel-first-child panel-last-child\" data-index=\"1\" ><div class=\"textwidget\"><a href=\"https:\/\/heidenreich-metallbau-gmbh.info\/wp-content\/uploads\/2024\/01\/Schweisszertifikat-2024_1.png\" data-rel=\"lightbox-image-1\" data-rl_title=\"\" data-rl_caption=\"\" title=\"\"><img loading=\"lazy\" decoding=\"async\" class=\"aligncenter size-full wp-image-995\" src=\"https:\/\/heidenreich-metallbau-gmbh.info\/wp-content\/uploads\/2024\/01\/Schweisszertifikat-2024_1.png\" alt=\"\" width=\"1796\" height=\"2384\" srcset=\"https:\/\/heidenreich-metallbau-gmbh.info\/wp-content\/uploads\/2024\/01\/Schweisszertifikat-2024_1.png 1796w, https:\/\/heidenreich-metallbau-gmbh.info\/wp-content\/uploads\/2024\/01\/Schweisszertifikat-2024_1-226x300.png 226w, https:\/\/heidenreich-metallbau-gmbh.info\/wp-content\/uploads\/2024\/01\/Schweisszertifikat-2024_1-771x1024.png 771w, https:\/\/heidenreich-metallbau-gmbh.info\/wp-content\/uploads\/2024\/01\/Schweisszertifikat-2024_1-768x1019.png 768w, https:\/\/heidenreich-metallbau-gmbh.info\/wp-content\/uploads\/2024\/01\/Schweisszertifikat-2024_1-1157x1536.png 1157w, https:\/\/heidenreich-metallbau-gmbh.info\/wp-content\/uploads\/2024\/01\/Schweisszertifikat-2024_1-1543x2048.png 1543w\" sizes=\"auto, (max-width: 1796px) 100vw, 1796px\" \/><\/a><\/div><\/div><\/div><div id=\"pgc-543-0-2\"  class=\"panel-grid-cell\" ><div id=\"panel-543-0-2-0\" class=\"so-panel widget widget_black-studio-tinymce widget_black_studio_tinymce panel-first-child panel-last-child\" data-index=\"2\" ><h3 class=\"widget-title\">Unser Leistungsspektrum<\/h3><div class=\"textwidget\"><ul type=\"square\">\n<li><span style=\"font-size: 14pt;\">Herstellung von Schwei\u00dfkonstruktionen<\/span>\n<ul>\n<li><span style=\"font-size: 14pt;\"><em>Zertifizierter Schwei\u00dffachbetrieb - Herstellerqualifikation DIN EN 1090 EXC 2<\/em><\/span><\/li>\n<\/ul>\n<\/li>\n<li><span style=\"font-size: 14pt;\">Mechanische Bearbeitung auf CNC gesteuerten Fr\u00e4s- und Drehmaschinen<\/span><\/li>\n<li><span style=\"font-size: 14pt;\">Einzel- und Kleinserienfertigung<\/span><\/li>\n<li><span style=\"font-size: 14pt;\">Allgemeine Schwei\u00dfarbeiten (MAG\/WIG)<\/span><\/li>\n<li><span style=\"font-size: 14pt;\">Blech- u. Kantarbeiten<\/span><\/li>\n<li><span style=\"font-size: 14pt;\">allgemeine Schlosserarbeiten<\/span><\/li>\n<li><span style=\"font-size: 14pt;\">Rechenanlagen f\u00fcr Gew\u00e4sser<\/span><\/li>\n<li><span style=\"font-size: 14pt;\">Edelstahlgel\u00e4nder- u. \u00dcberdachungen<\/span><\/li>\n<li><span style=\"font-size: 14pt;\">Schutzgitter<\/span><\/li>\n<li><span style=\"font-size: 14pt;\">Einhausungen<br \/>\n<\/span><\/li>\n<li><span style=\"font-size: 14pt;\">Tore<br \/>\n<\/span><\/li>\n<li><span style=\"font-size: 14pt;\">Sonderkonstruktionen<br \/>\n<\/span><\/li>\n<\/ul>\n<\/div><\/div><\/div><\/div><div id=\"pg-543-1\"  class=\"panel-grid panel-no-style\" ><div id=\"pgc-543-1-0\"  class=\"panel-grid-cell panel-grid-cell-mobile-last\" ><div id=\"panel-543-1-0-0\" class=\"so-panel widget widget_black-studio-tinymce widget_black_studio_tinymce panel-first-child panel-last-child\" data-index=\"3\" ><div class=\"textwidget\"><p style=\"text-align: center;\"><span style=\"font-size: 20px; background: #353e49; padding: 20px 20px 20px 20px; text-decoration: none;\"><a style=\"color: #f4f4f4; text-decoration: none;\" href=\"http:\/\/heidenreich-metallbau-gmbh.info\/?page_id=706\" rel=\"noopener\">Weitere Zertifikate<\/a><\/span><\/p>\n<\/div><\/div><\/div><div id=\"pgc-543-1-1\"  class=\"panel-grid-cell panel-grid-cell-empty\" ><\/div><\/div><div id=\"pg-543-2\"  class=\"panel-grid panel-no-style\" ><div id=\"pgc-543-2-0\"  class=\"panel-grid-cell\" ><div id=\"panel-543-2-0-0\" class=\"so-panel widget widget_black-studio-tinymce widget_black_studio_tinymce panel-first-child panel-last-child\" data-index=\"4\" ><div class=\"textwidget\"><p><img loading=\"lazy\" decoding=\"async\" class=\"aligncenter wp-image-723 size-full\" src=\"http:\/\/heidenreich-metallbau-gmbh.info\/wp-content\/uploads\/2015\/01\/gsi-slv-hannover1.png\" alt=\"\" width=\"220\" height=\"79\" \/><\/p>\n<\/div><\/div><\/div><\/div><\/div>","protected":false},"excerpt":{"rendered":"<p>Herstellung von Schwei\u00dfkonstruktionen Zertifizierter Schwei\u00dffachbetrieb &#8211; Herstellerqualifikation DIN EN 1090 EXC 2 Mechanische Bearbeitung auf CNC gesteuerten Fr\u00e4s- und Drehmaschinen Einzel- und Kleinserienfertigung Allgemeine Schwei\u00dfarbeiten (MAG\/WIG) Blech- u. Kantarbeiten allgemeine Schlosserarbeiten Rechenanlagen f\u00fcr Gew\u00e4sser Edelstahlgel\u00e4nder- u. \u00dcberdachungen Schutzgitter Einhausungen Tore Sonderkonstruktionen Weitere Zertifikate<\/p>\n","protected":false},"author":1,"featured_media":0,"parent":0,"menu_order":0,"comment_status":"closed","ping_status":"closed","template":"templates\/template-full-notitle.php","meta":{"_themeisle_gutenberg_block_has_review":false,"footnotes":""},"class_list":["post-543","page","type-page","status-publish","hentry","post"],"_links":{"self":[{"href":"https:\/\/heidenreich-metallbau-gmbh.info\/index.php?rest_route=\/wp\/v2\/pages\/543","targetHints":{"allow":["GET"]}}],"collection":[{"href":"https:\/\/heidenreich-metallbau-gmbh.info\/index.php?rest_route=\/wp\/v2\/pages"}],"about":[{"href":"https:\/\/heidenreich-metallbau-gmbh.info\/index.php?rest_route=\/wp\/v2\/types\/page"}],"author":[{"embeddable":true,"href":"https:\/\/heidenreich-metallbau-gmbh.info\/index.php?rest_route=\/wp\/v2\/users\/1"}],"replies":[{"embeddable":true,"href":"https:\/\/heidenreich-metallbau-gmbh.info\/index.php?rest_route=%2Fwp%2Fv2%2Fcomments&post=543"}],"version-history":[{"count":48,"href":"https:\/\/heidenreich-metallbau-gmbh.info\/index.php?rest_route=\/wp\/v2\/pages\/543\/revisions"}],"predecessor-version":[{"id":1005,"href":"https:\/\/heidenreich-metallbau-gmbh.info\/index.php?rest_route=\/wp\/v2\/pages\/543\/revisions\/1005"}],"wp:attachment":[{"href":"https:\/\/heidenreich-metallbau-gmbh.info\/index.php?rest_route=%2Fwp%2Fv2%2Fmedia&parent=543"}],"curies":[{"name":"wp","href":"https:\/\/api.w.org\/{rel}","templated":true}]}}