{"id":54,"date":"2014-04-06T00:15:07","date_gmt":"2014-04-05T22:15:07","guid":{"rendered":"http:\/\/heidenreich-metallbau-gmbh.info\/firma\/?page_id=54"},"modified":"2025-02-25T22:13:45","modified_gmt":"2025-02-25T20:13:45","slug":"impressum","status":"publish","type":"page","link":"https:\/\/heidenreich-metallbau-gmbh.info\/?page_id=54","title":{"rendered":"Impressum"},"content":{"rendered":"<div id=\"pl-54\"  class=\"panel-layout\" ><div id=\"pg-54-0\"  class=\"panel-grid panel-no-style\" ><div id=\"pgc-54-0-0\"  class=\"panel-grid-cell\" ><div id=\"panel-54-0-0-0\" class=\"so-panel widget widget_black-studio-tinymce widget_black_studio_tinymce panel-first-child panel-last-child\" data-index=\"0\" ><div class=\"textwidget\"><strong><span style=\"font-size: 12pt;\">(nach \u00a75 TMG)<\/span><\/strong><br>\n<br>\n<strong>Heidenreich Metallbau GmbH<\/strong><br>\nNiedervellmarsche Stra\u00dfe 29<br>\n34233 Fuldatal<br>\n<br>\n<strong>Vertreten durch:<\/strong><br>\nGesch\u00e4ftsf\u00fchrer: Frank Heidenreich<br>\n<br>\n<strong>Kontakt:<\/strong><br>\nTelefon: +49 561 8150960<br>\nE-Mail: <a href=\"mailto:heidenreich-metallbau-gmbh@t-online.de\" target=\"_blank\" rel=\"noopener\">heidenreich@metallbau-fuldatal.de<\/a><br>\n<br>\nHomepage: http:\/\/www.heidenreich-metallbau-gmbh.de<br>\n<br>\n<strong>Registereintrag:<\/strong><br>\nRegistergericht: Amtsgericht Kassel<br>\nRegisternummer: HRB 6856<br>\n<br>\n<strong>Umsatzsteuer-ID:<\/strong><br>\nUmsatzsteuer-IdNr.: DE195727312<br>\nGerichtsstand: Kassel<br>\n<br>\nKonzept und Design<strong>:<\/strong> Simone Heidenreich<br>\n<br>\n<strong>Unsere Leistungen erfolgen ausschlie\u00dflich nach unseren Allgemeinen Gesch\u00e4ftsbedingungen, die in der jeweils aktuellen Langfassung\nin unseren Gesch\u00e4ftsr\u00e4umen \u00f6ffentlich zur Einsichtnahme ausliegen.<\/strong><\/div><\/div><\/div><\/div><div id=\"pg-54-1\"  class=\"panel-grid panel-no-style\" ><div id=\"pgc-54-1-0\"  class=\"panel-grid-cell\" ><div id=\"panel-54-1-0-0\" class=\"so-panel widget widget_black-studio-tinymce widget_black_studio_tinymce panel-first-child panel-last-child\" data-index=\"1\" ><div class=\"textwidget\"><hr \/><\/div><\/div><\/div><\/div><div id=\"pg-54-2\"  class=\"panel-grid panel-no-style\" ><div id=\"pgc-54-2-0\"  class=\"panel-grid-cell\" ><div id=\"panel-54-2-0-0\" class=\"so-panel widget widget_black-studio-tinymce widget_black_studio_tinymce panel-first-child panel-last-child\" data-index=\"2\" ><div class=\"textwidget\"><span style=\"font-size: 10pt;\"><strong>Haftung<\/strong><\/span><br>\n<span style=\"font-size: 10pt;\">Wir \u00fcbernehmen trotz sorgf\u00e4ltiger Kontrolle des Inhalts unserer Internetseiten keine Haftung f\u00fcr die Richtigkeit der Angaben in diesen Seiten.<\/span>\n<span style=\"font-size: 10pt;\"> Auf unseren Internetseiten finden Sie auch Links zu anderen Seiten im Internet. Wir m\u00f6chten Sie darauf hinweisen, dass wir keinen Einfluss auf die Gestaltung und den Inhalt der Seiten haben, auf die verlinkt wird. Wir k\u00f6nnen daher auch keine Gew\u00e4hr f\u00fcr die Aktualit\u00e4t, Korrektheit, Vollst\u00e4ndigkeit oder Qualit\u00e4t der dort bereitgestellten Informationen \u00fcbernehmen. Vor diesem Hintergrund distanzieren wir uns hiermit von allen Inhalten dieser Seiten. Diese Erkl\u00e4rung gilt f\u00fcr alle auf unseren Internetseiten enthaltenen Links zu externen Seiten und deren Inhalte.<\/span><br>\n<br>\n<span style=\"font-size: 10pt;\"><strong>Urheberrecht<\/strong><\/span><br>\n<span style=\"font-size: 10pt;\">Heidenreich Metallbau GmbH<\/span><br>\n<span style=\"font-size: 10pt;\"> Fuldatal, Deutschland<\/span><br>\n<span style=\"font-size: 10pt;\">Alle Rechte vorbehalten. Text, Bilder, Grafiken, Sound, Animationen und Videos sowie deren Anordnung auf Webseiten der Heidenreich Metallbau GmbH unterliegen dem Schutz des Urheberrechts und anderer Schutzgesetze.<\/span>\n<span style=\"font-size: 10pt;\"> S\u00e4mtliche angebotenen Informationen d\u00fcrfen \u2013 auch auszugsweise \u2013 nur mit schriftlicher Genehmigung der Heidenreich Metallbau GmbH weiterverbreitet oder anderweitig ver\u00f6ffentlicht werden. Die Suchsysteme von Heidenreich Metallbau GmbH d\u00fcrfen nur zu pers\u00f6nlichen Zwecken verwendet werden. Keinesfalls ist es gestattet, die abgerufenen Informationen online oder auf andere Medien weiterzuverbreiten oder kommerziell zu nutzen!<\/span><\/div><\/div><\/div><\/div><\/div>","protected":false},"excerpt":{"rendered":"<p>(nach \u00a75 TMG) Heidenreich Metallbau GmbH Niedervellmarsche Stra\u00dfe 29 34233 Fuldatal Vertreten durch: Gesch\u00e4ftsf\u00fchrer: Frank Heidenreich Kontakt: Telefon: +49 561 8150960 E-Mail: heidenreich@metallbau-fuldatal.de Homepage: http:\/\/www.heidenreich-metallbau-gmbh.de Registereintrag: Registergericht: Amtsgericht Kassel Registernummer: HRB 6856 Umsatzsteuer-ID: Umsatzsteuer-IdNr.: DE195727312 Gerichtsstand: Kassel Konzept und Design: Simone Heidenreich Unsere Leistungen erfolgen ausschlie\u00dflich nach unseren Allgemeinen Gesch\u00e4ftsbedingungen, die in der jeweils aktuellen [&hellip;]<\/p>\n","protected":false},"author":1,"featured_media":0,"parent":0,"menu_order":0,"comment_status":"closed","ping_status":"closed","template":"templates\/template-full.php","meta":{"_themeisle_gutenberg_block_has_review":false,"footnotes":""},"class_list":["post-54","page","type-page","status-publish","hentry","post"],"_links":{"self":[{"href":"https:\/\/heidenreich-metallbau-gmbh.info\/index.php?rest_route=\/wp\/v2\/pages\/54","targetHints":{"allow":["GET"]}}],"collection":[{"href":"https:\/\/heidenreich-metallbau-gmbh.info\/index.php?rest_route=\/wp\/v2\/pages"}],"about":[{"href":"https:\/\/heidenreich-metallbau-gmbh.info\/index.php?rest_route=\/wp\/v2\/types\/page"}],"author":[{"embeddable":true,"href":"https:\/\/heidenreich-metallbau-gmbh.info\/index.php?rest_route=\/wp\/v2\/users\/1"}],"replies":[{"embeddable":true,"href":"https:\/\/heidenreich-metallbau-gmbh.info\/index.php?rest_route=%2Fwp%2Fv2%2Fcomments&post=54"}],"version-history":[{"count":27,"href":"https:\/\/heidenreich-metallbau-gmbh.info\/index.php?rest_route=\/wp\/v2\/pages\/54\/revisions"}],"predecessor-version":[{"id":1024,"href":"https:\/\/heidenreich-metallbau-gmbh.info\/index.php?rest_route=\/wp\/v2\/pages\/54\/revisions\/1024"}],"wp:attachment":[{"href":"https:\/\/heidenreich-metallbau-gmbh.info\/index.php?rest_route=%2Fwp%2Fv2%2Fmedia&parent=54"}],"curies":[{"name":"wp","href":"https:\/\/api.w.org\/{rel}","templated":true}]}}