{"id":508,"date":"2014-07-10T08:40:18","date_gmt":"2014-07-10T06:40:18","guid":{"rendered":"http:\/\/heidenreich-metallbau-gmbh.info\/firma\/?page_id=508"},"modified":"2025-02-25T22:08:49","modified_gmt":"2025-02-25T20:08:49","slug":"home","status":"publish","type":"page","link":"https:\/\/heidenreich-metallbau-gmbh.info\/","title":{"rendered":"Home"},"content":{"rendered":"<div id=\"pl-508\"  class=\"panel-layout\" ><div id=\"pg-508-0\"  class=\"panel-grid panel-no-style\" ><div id=\"pgc-508-0-0\"  class=\"panel-grid-cell\" ><div id=\"panel-508-0-0-0\" class=\"so-panel widget widget_black-studio-tinymce widget_black_studio_tinymce panel-first-child panel-last-child\" data-index=\"0\" ><div class=\"textwidget\"><p style=\"text-align: center;\"><img loading=\"lazy\" decoding=\"async\" class=\"alignnone wp-image-655 size-full\" src=\"http:\/\/heidenreich-metallbau-gmbh.info\/wp-content\/uploads\/2015\/01\/zitat1.png\" alt=\"\" width=\"1000\" height=\"100\" srcset=\"https:\/\/heidenreich-metallbau-gmbh.info\/wp-content\/uploads\/2015\/01\/zitat1.png 1000w, https:\/\/heidenreich-metallbau-gmbh.info\/wp-content\/uploads\/2015\/01\/zitat1-300x30.png 300w\" sizes=\"auto, (max-width: 1000px) 100vw, 1000px\" \/><\/p>\n<\/div><\/div><\/div><\/div><div id=\"pg-508-1\"  class=\"panel-grid panel-has-style\" ><div class=\"wide-grey panel-row-style panel-row-style-for-508-1\" style=\"background-color: #e0e0e0; \" ><div id=\"pgc-508-1-0\"  class=\"panel-grid-cell\" ><div id=\"panel-508-1-0-0\" class=\"so-panel widget widget_circleicon-widget panel-first-child panel-last-child\" data-index=\"1\" >\t\t<div class=\"circle-icon-box circle-icon-position-top circle-icon-hide-box circle-icon-size-large\">\n\t\t\t<div class=\"circle-icon-wrapper\">\n\t\t\t\t<a href=\"http:\/\/heidenreich-metallbau-gmbh.info\/?page_id=546\" class=\"link-icon\" >\t\t\t\t<div class=\"circle-icon icon-style-set\" style=\"background-color: #2b323a\">\n\t\t\t\t\t<div class=\"fa fa-info icon-color-set\" ><\/div>\t\t\t\t<\/div>\n\t\t\t\t<\/a>\t\t\t<\/div>\n\n\t\t\t<a href=\"http:\/\/heidenreich-metallbau-gmbh.info\/?page_id=546\" class=\"link-title\" >\t\t\t\t\t\t<\/a>\n\t\t\t\t\t\t\t\t\t\t<a href=\"http:\/\/heidenreich-metallbau-gmbh.info\/?page_id=546\" class=\"more-button\" >FIRMENHISTORIE <i><\/i><\/a>\n\t\t\t\t\t<\/div>\n\t\t<\/div><\/div><div id=\"pgc-508-1-1\"  class=\"panel-grid-cell\" ><div id=\"panel-508-1-1-0\" class=\"so-panel widget widget_circleicon-widget panel-first-child panel-last-child\" data-index=\"2\" >\t\t<div class=\"circle-icon-box circle-icon-position-top circle-icon-hide-box circle-icon-size-large\">\n\t\t\t<div class=\"circle-icon-wrapper\">\n\t\t\t\t<a href=\"http:\/\/heidenreich-metallbau-gmbh.info\/?page_id=543\" class=\"link-icon\" >\t\t\t\t<div class=\"circle-icon icon-style-set\" style=\"background-color: #2b323a\">\n\t\t\t\t\t<div class=\"fa fa-check-square-o icon-color-set\" ><\/div>\t\t\t\t<\/div>\n\t\t\t\t<\/a>\t\t\t<\/div>\n\n\t\t\t<a href=\"http:\/\/heidenreich-metallbau-gmbh.info\/?page_id=543\" class=\"link-title\" >\t\t\t\t\t\t<\/a>\n\t\t\t\t\t\t\t\t\t\t<a href=\"http:\/\/heidenreich-metallbau-gmbh.info\/?page_id=543\" class=\"more-button\" >DAS K\u00d6NNEN WIR F\u00dcR SIE TUN <i><\/i><\/a>\n\t\t\t\t\t<\/div>\n\t\t<\/div><\/div><div id=\"pgc-508-1-2\"  class=\"panel-grid-cell\" ><div id=\"panel-508-1-2-0\" class=\"so-panel widget widget_circleicon-widget panel-first-child panel-last-child\" data-index=\"3\" >\t\t<div class=\"circle-icon-box circle-icon-position-top circle-icon-hide-box circle-icon-size-large\">\n\t\t\t<div class=\"circle-icon-wrapper\">\n\t\t\t\t<a href=\"https:\/\/heidenreich-metallbau-gmbh.info\/?page_id=31\" class=\"link-icon\" >\t\t\t\t<div class=\"circle-icon icon-style-set\" style=\"background-color: #2b323a\">\n\t\t\t\t\t<div class=\"fa fa-users icon-color-set\" ><\/div>\t\t\t\t<\/div>\n\t\t\t\t<\/a>\t\t\t<\/div>\n\n\t\t\t<a href=\"https:\/\/heidenreich-metallbau-gmbh.info\/?page_id=31\" class=\"link-title\" >\t\t\t\t\t\t<\/a>\n\t\t\t\t\t\t\t\t\t\t<a href=\"https:\/\/heidenreich-metallbau-gmbh.info\/?page_id=31\" class=\"more-button\" >SO ERREICHEN SIE UNS <i><\/i><\/a>\n\t\t\t\t\t<\/div>\n\t\t<\/div><\/div><\/div><\/div><div id=\"pg-508-2\"  class=\"panel-grid panel-no-style\" ><div id=\"pgc-508-2-0\"  class=\"panel-grid-cell\" ><div id=\"panel-508-2-0-0\" class=\"so-panel widget widget_black-studio-tinymce widget_black_studio_tinymce panel-first-child panel-last-child\" data-index=\"4\" ><div class=\"textwidget\"><p style=\"text-align: center;\"><img loading=\"lazy\" decoding=\"async\" class=\"aligncenter wp-image-585 size-full\" src=\"http:\/\/heidenreich-metallbau-gmbh.info\/wp-content\/uploads\/2015\/01\/linie-portfolio1.png\" alt=\"\" width=\"1210\" height=\"55\" srcset=\"https:\/\/heidenreich-metallbau-gmbh.info\/wp-content\/uploads\/2015\/01\/linie-portfolio1.png 1210w, https:\/\/heidenreich-metallbau-gmbh.info\/wp-content\/uploads\/2015\/01\/linie-portfolio1-300x14.png 300w, https:\/\/heidenreich-metallbau-gmbh.info\/wp-content\/uploads\/2015\/01\/linie-portfolio1-1024x47.png 1024w\" sizes=\"auto, (max-width: 1210px) 100vw, 1210px\" \/><\/p>\n<\/div><\/div><\/div><\/div><div id=\"pg-508-3\"  class=\"panel-grid panel-no-style\" ><div id=\"pgc-508-3-0\"  class=\"panel-grid-cell\" ><div id=\"panel-508-3-0-0\" class=\"so-panel widget widget_black-studio-tinymce widget_black_studio_tinymce panel-first-child\" data-index=\"5\" ><div class=\"textwidget\"><p style=\"text-align: center;\"><a href=\"http:\/\/heidenreich-metallbau-gmbh.info\/?p=444\" target=\"_blank\" rel=\"noopener\"><img loading=\"lazy\" decoding=\"async\" class=\"alignnone wp-image-560 size-full\" src=\"http:\/\/heidenreich-metallbau-gmbh.info\/wp-content\/uploads\/2015\/01\/fr\u00e4sen.jpg\" alt=\"\" width=\"490\" height=\"465\" srcset=\"https:\/\/heidenreich-metallbau-gmbh.info\/wp-content\/uploads\/2015\/01\/fr\u00e4sen.jpg 490w, https:\/\/heidenreich-metallbau-gmbh.info\/wp-content\/uploads\/2015\/01\/fr\u00e4sen-300x285.jpg 300w\" sizes=\"auto, (max-width: 490px) 100vw, 490px\" \/><\/a><\/p>\n<\/div><\/div><div id=\"panel-508-3-0-1\" class=\"so-panel widget widget_black-studio-tinymce widget_black_studio_tinymce panel-last-child\" data-index=\"6\" ><div class=\"textwidget\"><p style=\"text-align: center;\"><a href=\"http:\/\/heidenreich-metallbau-gmbh.info\/?p=450\" target=\"_blank\" rel=\"noopener\"><img loading=\"lazy\" decoding=\"async\" class=\"alignnone wp-image-564 size-full\" src=\"http:\/\/heidenreich-metallbau-gmbh.info\/wp-content\/uploads\/2015\/01\/rechen.jpg\" alt=\"\" width=\"490\" height=\"465\" srcset=\"https:\/\/heidenreich-metallbau-gmbh.info\/wp-content\/uploads\/2015\/01\/rechen.jpg 490w, https:\/\/heidenreich-metallbau-gmbh.info\/wp-content\/uploads\/2015\/01\/rechen-300x285.jpg 300w\" sizes=\"auto, (max-width: 490px) 100vw, 490px\" \/><\/a><\/p>\n<\/div><\/div><\/div><div id=\"pgc-508-3-1\"  class=\"panel-grid-cell\" ><div id=\"panel-508-3-1-0\" class=\"so-panel widget widget_black-studio-tinymce widget_black_studio_tinymce panel-first-child\" data-index=\"7\" ><div class=\"textwidget\"><p style=\"text-align: center;\"><a href=\"http:\/\/heidenreich-metallbau-gmbh.info\/?p=458\" target=\"_blank\"><img loading=\"lazy\" decoding=\"async\" class=\"alignnone wp-image-566 size-full\" src=\"http:\/\/heidenreich-metallbau-gmbh.info\/wp-content\/uploads\/2015\/01\/innengel\u00e4nder1.jpg\" alt=\"\" width=\"490\" height=\"465\" srcset=\"https:\/\/heidenreich-metallbau-gmbh.info\/wp-content\/uploads\/2015\/01\/innengel\u00e4nder1.jpg 490w, https:\/\/heidenreich-metallbau-gmbh.info\/wp-content\/uploads\/2015\/01\/innengel\u00e4nder1-300x285.jpg 300w\" sizes=\"auto, (max-width: 490px) 100vw, 490px\" \/><\/a><\/p>\n<\/div><\/div><div id=\"panel-508-3-1-1\" class=\"so-panel widget widget_black-studio-tinymce widget_black_studio_tinymce panel-last-child\" data-index=\"8\" ><div class=\"textwidget\"><p style=\"text-align: center;\"><a href=\"http:\/\/heidenreich-metallbau-gmbh.info\/?p=448\" target=\"_blank\"><img loading=\"lazy\" decoding=\"async\" class=\"alignnone wp-image-565 size-full\" src=\"http:\/\/heidenreich-metallbau-gmbh.info\/wp-content\/uploads\/2015\/01\/zaun-Toranlagen.jpg\" alt=\"\" width=\"490\" height=\"465\" srcset=\"https:\/\/heidenreich-metallbau-gmbh.info\/wp-content\/uploads\/2015\/01\/zaun-Toranlagen.jpg 490w, https:\/\/heidenreich-metallbau-gmbh.info\/wp-content\/uploads\/2015\/01\/zaun-Toranlagen-300x285.jpg 300w\" sizes=\"auto, (max-width: 490px) 100vw, 490px\" \/><\/a><\/p>\n<\/div><\/div><\/div><div id=\"pgc-508-3-2\"  class=\"panel-grid-cell\" ><div id=\"panel-508-3-2-0\" class=\"so-panel widget widget_black-studio-tinymce widget_black_studio_tinymce panel-first-child\" data-index=\"9\" ><div class=\"textwidget\"><p style=\"text-align: center;\"><a href=\"http:\/\/heidenreich-metallbau-gmbh.info\/?p=454\" target=\"_blank\"><img loading=\"lazy\" decoding=\"async\" class=\"alignnone wp-image-566 size-full\" src=\"http:\/\/heidenreich-metallbau-gmbh.info\/wp-content\/uploads\/2015\/01\/aussengel\u00e4nder.jpg\" alt=\"\" width=\"490\" height=\"465\" \/><\/a><\/p>\n<\/div><\/div><div id=\"panel-508-3-2-1\" class=\"so-panel widget widget_black-studio-tinymce widget_black_studio_tinymce panel-last-child\" data-index=\"10\" ><div class=\"textwidget\"><p style=\"text-align: center;\"><a href=\"http:\/\/heidenreich-metallbau-gmbh.info\/?p=446\" target=\"_blank\" rel=\"noopener\"><img loading=\"lazy\" decoding=\"async\" class=\"alignnone wp-image-567 size-full\" src=\"http:\/\/heidenreich-metallbau-gmbh.info\/wp-content\/uploads\/2015\/01\/einhausungen.jpg\" alt=\"\" width=\"490\" height=\"465\" srcset=\"https:\/\/heidenreich-metallbau-gmbh.info\/wp-content\/uploads\/2015\/01\/einhausungen.jpg 490w, https:\/\/heidenreich-metallbau-gmbh.info\/wp-content\/uploads\/2015\/01\/einhausungen-300x285.jpg 300w\" sizes=\"auto, (max-width: 490px) 100vw, 490px\" \/><\/a><\/p>\n<\/div><\/div><\/div><div id=\"pgc-508-3-3\"  class=\"panel-grid-cell\" ><div id=\"panel-508-3-3-0\" class=\"so-panel widget widget_black-studio-tinymce widget_black_studio_tinymce panel-first-child\" data-index=\"11\" ><div class=\"textwidget\"><p style=\"text-align: center;\"><a href=\"http:\/\/heidenreich-metallbau-gmbh.info\/?p=452\" target=\"_blank\" rel=\"noopener\"><img loading=\"lazy\" decoding=\"async\" class=\"alignnone wp-image-563 size-full\" src=\"http:\/\/heidenreich-metallbau-gmbh.info\/wp-content\/uploads\/2015\/01\/treppenanlagen.jpg\" alt=\"\" width=\"490\" height=\"465\" srcset=\"https:\/\/heidenreich-metallbau-gmbh.info\/wp-content\/uploads\/2015\/01\/treppenanlagen.jpg 490w, https:\/\/heidenreich-metallbau-gmbh.info\/wp-content\/uploads\/2015\/01\/treppenanlagen-300x285.jpg 300w\" sizes=\"auto, (max-width: 490px) 100vw, 490px\" \/><\/a><\/p>\n<\/div><\/div><div id=\"panel-508-3-3-1\" class=\"so-panel widget widget_black-studio-tinymce widget_black_studio_tinymce panel-last-child\" data-index=\"12\" ><div class=\"textwidget\"><p style=\"text-align: center;\"><a href=\"http:\/\/heidenreich-metallbau-gmbh.info\/?p=441\" target=\"_blank\"><img loading=\"lazy\" decoding=\"async\" class=\"alignnone wp-image-568 size-full\" src=\"http:\/\/heidenreich-metallbau-gmbh.info\/wp-content\/uploads\/2015\/01\/diverse.jpg\" alt=\"\" width=\"490\" height=\"465\" srcset=\"https:\/\/heidenreich-metallbau-gmbh.info\/wp-content\/uploads\/2015\/01\/diverse.jpg 490w, https:\/\/heidenreich-metallbau-gmbh.info\/wp-content\/uploads\/2015\/01\/diverse-300x285.jpg 300w\" sizes=\"auto, (max-width: 490px) 100vw, 490px\" \/><\/a><\/p>\n<\/div><\/div><\/div><\/div><div id=\"pg-508-4\"  class=\"panel-grid panel-no-style\" ><div id=\"pgc-508-4-0\"  class=\"panel-grid-cell\" ><div id=\"panel-508-4-0-0\" class=\"so-panel widget widget_black-studio-tinymce widget_black_studio_tinymce panel-first-child panel-last-child\" data-index=\"13\" ><div class=\"textwidget\"><p style=\"text-align: center;\"><img loading=\"lazy\" decoding=\"async\" class=\"aligncenter size-full wp-image-598\" src=\"http:\/\/heidenreich-metallbau-gmbh.info\/wp-content\/uploads\/2015\/01\/linie-kontakt.png\" alt=\"linie kontakt\" width=\"1210\" height=\"55\" srcset=\"https:\/\/heidenreich-metallbau-gmbh.info\/wp-content\/uploads\/2015\/01\/linie-kontakt.png 1210w, https:\/\/heidenreich-metallbau-gmbh.info\/wp-content\/uploads\/2015\/01\/linie-kontakt-300x14.png 300w, https:\/\/heidenreich-metallbau-gmbh.info\/wp-content\/uploads\/2015\/01\/linie-kontakt-1024x47.png 1024w\" sizes=\"auto, (max-width: 1210px) 100vw, 1210px\" \/><\/p>\n<\/div><\/div><\/div><\/div><div id=\"pg-508-5\"  class=\"panel-grid panel-has-style\" ><div style=\"background-color: #d2e4c8; \" class=\"panel-row-style panel-row-style-for-508-5\" ><div id=\"pgc-508-5-0\"  class=\"panel-grid-cell\" ><div id=\"panel-508-5-0-0\" class=\"so-panel widget widget_black-studio-tinymce widget_black_studio_tinymce panel-first-child panel-last-child\" data-index=\"14\" ><div class=\"textwidget\"><p><iframe loading=\"lazy\" src=\"https:\/\/www.google.com\/maps\/embed?pb=!1m14!1m8!1m3!1d9966.847410809274!2d9.508287!3d51.35320900000001!3m2!1i1024!2i768!4f13.1!3m3!1m2!1s0x0%3A0xc7a3082651961f7a!2sHeidenreich+Metallbau+GmbH!5e0!3m2!1sde!2sus!4v1422201649237\" width=\"700\" height=\"288\" frameborder=\"0\" style=\"border:0\"><\/iframe><\/p>\n<\/div><\/div><\/div><div id=\"pgc-508-5-1\"  class=\"panel-grid-cell\" ><div id=\"panel-508-5-1-0\" class=\"so-panel widget widget_black-studio-tinymce widget_black_studio_tinymce panel-first-child panel-last-child\" data-index=\"15\" ><div class=\"textwidget\"><p><span style=\"font-size: 12pt;\"><strong>Heidenreich Metallbau GmbH<\/strong><\/span><br \/>\n<span style=\"font-size: 12pt;\"> Niedervellmarsche Stra\u00dfe 29<\/span><br \/>\n<span style=\"font-size: 12pt;\"> 34233 Fuldatal<\/span><\/p>\n<p><span style=\"font-size: 12pt;\">Telefon: \u00a00561 - 8150960<\/span><br \/>\n<span style=\"font-size: 12pt;\"> Email: \u00a0<span style=\"color: #587a9f;\"><a style=\"color: #587a9f;\" href=\"mailto:heidenreich@metallbau-fuldatal.de\">heidenreich@metallbau-fuldatal.de<\/a><\/span><\/span><\/p>\n<p>&nbsp;<\/p>\n<p><span style=\"font-size: 20px; background: #353e49; padding: 20px 20px 20px 20px; text-decoration: none;\"><a style=\"color: #f4f4f4; text-decoration: none;\" href=\"https:\/\/www.google.com\/maps\/place\/Heidenreich+Metallbau+GmbH\/@51.3529544,9.5115271,16z\/data=!4m2!3m1!1s0x0:0xc7a3082651961f7a?hl=de\" target=\"_blank\" rel=\"noopener\"> KARTE IM BROWSER<\/a><\/span><\/p>\n<\/div><\/div><\/div><\/div><\/div><\/div>","protected":false},"excerpt":{"rendered":"<p>FIRMENHISTORIE DAS K\u00d6NNEN WIR F\u00dcR SIE TUN SO ERREICHEN SIE UNS Heidenreich Metallbau GmbH Niedervellmarsche Stra\u00dfe 29 34233 Fuldatal Telefon: \u00a00561 &#8211; 8150960 Email: \u00a0heidenreich@metallbau-fuldatal.de &nbsp; KARTE IM BROWSER<\/p>\n","protected":false},"author":1,"featured_media":0,"parent":0,"menu_order":0,"comment_status":"closed","ping_status":"closed","template":"home-panels.php","meta":{"_themeisle_gutenberg_block_has_review":false,"footnotes":""},"class_list":["post-508","page","type-page","status-publish","hentry","post"],"_links":{"self":[{"href":"https:\/\/heidenreich-metallbau-gmbh.info\/index.php?rest_route=\/wp\/v2\/pages\/508","targetHints":{"allow":["GET"]}}],"collection":[{"href":"https:\/\/heidenreich-metallbau-gmbh.info\/index.php?rest_route=\/wp\/v2\/pages"}],"about":[{"href":"https:\/\/heidenreich-metallbau-gmbh.info\/index.php?rest_route=\/wp\/v2\/types\/page"}],"author":[{"embeddable":true,"href":"https:\/\/heidenreich-metallbau-gmbh.info\/index.php?rest_route=\/wp\/v2\/users\/1"}],"replies":[{"embeddable":true,"href":"https:\/\/heidenreich-metallbau-gmbh.info\/index.php?rest_route=%2Fwp%2Fv2%2Fcomments&post=508"}],"version-history":[{"count":7,"href":"https:\/\/heidenreich-metallbau-gmbh.info\/index.php?rest_route=\/wp\/v2\/pages\/508\/revisions"}],"predecessor-version":[{"id":943,"href":"https:\/\/heidenreich-metallbau-gmbh.info\/index.php?rest_route=\/wp\/v2\/pages\/508\/revisions\/943"}],"wp:attachment":[{"href":"https:\/\/heidenreich-metallbau-gmbh.info\/index.php?rest_route=%2Fwp%2Fv2%2Fmedia&parent=508"}],"curies":[{"name":"wp","href":"https:\/\/api.w.org\/{rel}","templated":true}]}}