{"id":31,"date":"2014-04-05T22:53:17","date_gmt":"2014-04-05T20:53:17","guid":{"rendered":"http:\/\/heidenreich-metallbau-gmbh.info\/firma\/?page_id=31"},"modified":"2025-02-25T22:10:46","modified_gmt":"2025-02-25T20:10:46","slug":"kontakt","status":"publish","type":"page","link":"https:\/\/heidenreich-metallbau-gmbh.info\/?page_id=31","title":{"rendered":"Kontakt"},"content":{"rendered":"<div id=\"pl-31\"  class=\"panel-layout\" ><div id=\"pg-31-0\"  class=\"panel-grid panel-has-style\" ><div class=\"wide-grey panel-row-style panel-row-style-for-31-0\" style=\"border-top: 1px solid #48515c; border-bottom: 1px solid #48515c; \" ><div id=\"pgc-31-0-0\"  class=\"panel-grid-cell\" ><div id=\"panel-31-0-0-0\" class=\"so-panel widget widget_black-studio-tinymce widget_black_studio_tinymce panel-first-child panel-last-child\" data-index=\"0\" ><div class=\"textwidget\"><p><span style=\"font-size: 14pt;\"><strong>Heidenreich Metallbau GmbH<\/strong><\/span><br \/><span style=\"font-size: 14pt;\"> Niedervellmarsche Stra\u00dfe 29<\/span><br \/><span style=\"font-size: 14pt;\"> 34233 Fuldatal<\/span><\/p>\n<\/div><\/div><\/div><div id=\"pgc-31-0-1\"  class=\"panel-grid-cell\" ><div id=\"panel-31-0-1-0\" class=\"so-panel widget widget_black-studio-tinymce widget_black_studio_tinymce panel-first-child panel-last-child\" data-index=\"1\" ><div class=\"textwidget\"><span style=\"font-size: 14pt;\">Telefon: <span style=\"letter-spacing: 1px; font-weight: bold; color: #1b1b1b;\">\u00a00561 - 8150960<\/span><\/span><br>\n<span style=\"font-size: 14pt;\"> Email:\u00a0 <span style=\"letter-spacing: 1px; font-weight: bold; color: #1b1b1b;\"><a href=\"mailto:heidenreich@metallbau-fuldatal.de\">heidenreich@metallbau-fuldatal.de<\/a><\/span><\/span><\/div><\/div><\/div><\/div><\/div><div id=\"pg-31-1\"  class=\"panel-grid panel-has-style\" ><div style=\"background-color: #d2e4c8; \" class=\"panel-row-style panel-row-style-for-31-1\" ><div id=\"pgc-31-1-0\"  class=\"panel-grid-cell\" ><div id=\"panel-31-1-0-0\" class=\"so-panel widget widget_black-studio-tinymce widget_black_studio_tinymce panel-first-child panel-last-child\" data-index=\"2\" ><div class=\"textwidget\"><iframe loading=\"lazy\" src=\"https:\/\/maps.google.de\/maps?f=q&amp;source=s_q&amp;hl=de&amp;geocode=&amp;q=Heidenreich+Metallbau+GmbH,+Niedervellmarsche+Stra%C3%9Fe+29,+Fuldatal&amp;aq=&amp;sll=51.175806,10.454119&amp;sspn=12.283606,33.815918&amp;ie=UTF8&amp;hq=&amp;hnear=&amp;ll=51.353209,9.508287&amp;spn=0.006295,0.006295&amp;t=m&amp;iwloc=A&amp;output=embed\" width=\"1080\" height=\"357\" frameborder=\"0\" marginwidth=\"0\" marginheight=\"0\" scrolling=\"no\"><\/iframe>\n<small><\/small>\n\n&nbsp;\n\n<span style=\"font-size: 20px; background: #353e49; padding: 20px 20px 20px 20px; text-decoration: none;\"><a style=\"color: #f4f4f4; text-decoration: none;\" href=\"https:\/\/www.google.com\/maps\/place\/Heidenreich+Metallbau+GmbH\/@51.3529544,9.5115271,16z\/data=!4m2!3m1!1s0x0:0xc7a3082651961f7a?hl=de\" target=\"_blank\" rel=\"noopener\"> KARTE IM BROWSER<\/a><\/span><\/div><\/div><\/div><\/div><\/div><div id=\"pg-31-2\"  class=\"panel-grid panel-no-style\" ><div id=\"pgc-31-2-0\"  class=\"panel-grid-cell\" ><div id=\"panel-31-2-0-0\" class=\"so-panel widget widget_black-studio-tinymce widget_black_studio_tinymce panel-first-child panel-last-child\" data-index=\"3\" ><div class=\"textwidget\"><p style=\"text-align: left;\"><span style=\"font-size: 14pt;\"><strong>Wegbeschreibung:<\/strong><\/span><\/p>\n<p style=\"text-align: left;\"><span style=\"font-size: 14pt;\"><em>Aus Richtung Kassel kommend:<\/em><\/span><br \/>\n<span style=\"font-size: 14pt;\"> B3 in Richtung Norden \u00fcber die Ihringsh\u00e4user Stra\u00dfe nach Fuldatal-Ihringshausen - der neuen Umgehungsstra\u00dfe folgen - links abbiegen Abfahrt Fuldatal-Ihringshausen - auf rechte Fahrspur wechseln in Richtung Ihringshausen West \/\u00a0Vellmar - in ca. 500 m auf der linken Seite<\/span><\/p>\n<p><span style=\"font-size: 14pt;\"><em>Aus Richtung Hann.-M\u00fcnden kommend:<\/em><\/span><br \/>\n<span style=\"font-size: 14pt;\"> B3 in Richtung Kassel - der neuen Umgehungsstra\u00dfe folgen - rechts abbiegen Abfahrt Fuldatal-Ihringshausen - rechts halten in Richtung Ihringshausen West \/\u00a0Vellmar - in ca. 500 m auf der linken Seite<\/span><\/p>\n<p><span style=\"font-size: 14pt;\"><em>Aus Richtung Vellmar kommend:<\/em><\/span><br \/>\n<span style=\"font-size: 14pt;\"> Vellmar in Richtung Fuldatal-Ihringshausen - kurz nach Ihringshausen-West auf der rechten Seite<\/span><\/p>\n<\/div><\/div><\/div><\/div><\/div>","protected":false},"excerpt":{"rendered":"<p>Heidenreich Metallbau GmbH Niedervellmarsche Stra\u00dfe 29 34233 Fuldatal Telefon: \u00a00561 &#8211; 8150960 Email:\u00a0 heidenreich@metallbau-fuldatal.de &nbsp; KARTE IM BROWSER<\/p>\n","protected":false},"author":1,"featured_media":0,"parent":0,"menu_order":0,"comment_status":"closed","ping_status":"closed","template":"templates\/template-full-notitle.php","meta":{"_themeisle_gutenberg_block_has_review":false,"footnotes":""},"class_list":["post-31","page","type-page","status-publish","hentry","post"],"_links":{"self":[{"href":"https:\/\/heidenreich-metallbau-gmbh.info\/index.php?rest_route=\/wp\/v2\/pages\/31","targetHints":{"allow":["GET"]}}],"collection":[{"href":"https:\/\/heidenreich-metallbau-gmbh.info\/index.php?rest_route=\/wp\/v2\/pages"}],"about":[{"href":"https:\/\/heidenreich-metallbau-gmbh.info\/index.php?rest_route=\/wp\/v2\/types\/page"}],"author":[{"embeddable":true,"href":"https:\/\/heidenreich-metallbau-gmbh.info\/index.php?rest_route=\/wp\/v2\/users\/1"}],"replies":[{"embeddable":true,"href":"https:\/\/heidenreich-metallbau-gmbh.info\/index.php?rest_route=%2Fwp%2Fv2%2Fcomments&post=31"}],"version-history":[{"count":40,"href":"https:\/\/heidenreich-metallbau-gmbh.info\/index.php?rest_route=\/wp\/v2\/pages\/31\/revisions"}],"predecessor-version":[{"id":1023,"href":"https:\/\/heidenreich-metallbau-gmbh.info\/index.php?rest_route=\/wp\/v2\/pages\/31\/revisions\/1023"}],"wp:attachment":[{"href":"https:\/\/heidenreich-metallbau-gmbh.info\/index.php?rest_route=%2Fwp%2Fv2%2Fmedia&parent=31"}],"curies":[{"name":"wp","href":"https:\/\/api.w.org\/{rel}","templated":true}]}}